{"id":72,"date":"2013-07-25T16:00:34","date_gmt":"2013-07-25T14:00:34","guid":{"rendered":"https:\/\/kampe-coaching.de\/?page_id=72"},"modified":"2017-02-14T10:26:53","modified_gmt":"2017-02-14T08:26:53","slug":"teamcoaching-teamentwicklung","status":"publish","type":"page","link":"https:\/\/kampe-coaching.de\/index.php\/systemisches-coaching\/teamcoaching-teamentwicklung\/","title":{"rendered":"Teamcoaching \/ Teamentwicklung"},"content":{"rendered":"<p>Gerade in sozialen, sehr verantwortungsvollen Arbeitsfeldern fehlt es im Berufsalltag oft an Zeit,\u00a0um sich \u00fcber F\u00e4lle, Ma\u00dfnahmen oder belastende Erfahrungen auszutauschen.<\/p>\n<p>Teamcoaching\u00a0ist daher eine gute M\u00f6glichkeit der Unterst\u00fctzung und Entlastung in Arbeitsprozessen. Durch gemeinsame Reflexion k\u00f6nnen Sie Distanz und Kl\u00e4rung gewinnen sowie neue Handlungsm\u00f6glichkeiten entwickeln.<\/p>\n<p>Gleichzeitig tr\u00e4gt das Teamcoaching durch den begleiteten kollegialen Austausch auch zur beruflichen Weiterentwicklung bei.<\/p>\n<p>&nbsp;<\/p>\n<p><strong>Weitere Anl\u00e4sse f\u00fcr ein Teamcoaching sind<\/strong><\/p>\n<ul>\n<li>die Neuentwicklung und Optimierung von Organisationsstrukturen und Handlungsabl\u00e4ufen<\/li>\n<li>Teamfindung \/ Teamentwicklung<\/li>\n<li>Konflikte im Team<\/li>\n<li>Umgang mit Ver\u00e4nderungen<\/li>\n<\/ul>\n<p>&nbsp;<\/p>\n","protected":false},"excerpt":{"rendered":"<p>Gerade in sozialen, sehr verantwortungsvollen Arbeitsfeldern fehlt es im Berufsalltag oft an Zeit,\u00a0um sich \u00fcber F\u00e4lle, Ma\u00dfnahmen oder belastende Erfahrungen auszutauschen. Teamcoaching\u00a0ist daher eine gute M\u00f6glichkeit der Unterst\u00fctzung und Entlastung in Arbeitsprozessen. Durch gemeinsame Reflexion k\u00f6nnen Sie Distanz und Kl\u00e4rung gewinnen sowie neue Handlungsm\u00f6glichkeiten entwickeln. Gleichzeitig tr\u00e4gt das Teamcoaching durch den begleiteten kollegialen Austausch auch [&hellip;]<\/p>\n","protected":false},"author":1,"featured_media":0,"parent":67,"menu_order":1,"comment_status":"closed","ping_status":"closed","template":"","meta":{"footnotes":""},"class_list":["post-72","page","type-page","status-publish","hentry"],"_links":{"self":[{"href":"https:\/\/kampe-coaching.de\/index.php\/wp-json\/wp\/v2\/pages\/72","targetHints":{"allow":["GET"]}}],"collection":[{"href":"https:\/\/kampe-coaching.de\/index.php\/wp-json\/wp\/v2\/pages"}],"about":[{"href":"https:\/\/kampe-coaching.de\/index.php\/wp-json\/wp\/v2\/types\/page"}],"author":[{"embeddable":true,"href":"https:\/\/kampe-coaching.de\/index.php\/wp-json\/wp\/v2\/users\/1"}],"replies":[{"embeddable":true,"href":"https:\/\/kampe-coaching.de\/index.php\/wp-json\/wp\/v2\/comments?post=72"}],"version-history":[{"count":21,"href":"https:\/\/kampe-coaching.de\/index.php\/wp-json\/wp\/v2\/pages\/72\/revisions"}],"predecessor-version":[{"id":810,"href":"https:\/\/kampe-coaching.de\/index.php\/wp-json\/wp\/v2\/pages\/72\/revisions\/810"}],"up":[{"embeddable":true,"href":"https:\/\/kampe-coaching.de\/index.php\/wp-json\/wp\/v2\/pages\/67"}],"wp:attachment":[{"href":"https:\/\/kampe-coaching.de\/index.php\/wp-json\/wp\/v2\/media?parent=72"}],"curies":[{"name":"wp","href":"https:\/\/api.w.org\/{rel}","templated":true}]}}