{"id":70,"date":"2013-07-25T15:59:21","date_gmt":"2013-07-25T13:59:21","guid":{"rendered":"https:\/\/kampe-coaching.de\/?page_id=70"},"modified":"2025-12-10T21:02:49","modified_gmt":"2025-12-10T19:02:49","slug":"coaching-fur-fuhrungskrafte","status":"publish","type":"page","link":"https:\/\/kampe-coaching.de\/index.php\/systemisches-coaching\/coaching-fur-fuhrungskrafte\/","title":{"rendered":"Coaching f\u00fcr F\u00fchrungskr\u00e4fte"},"content":{"rendered":"<p>Als F\u00fchrungskraft tragen Sie viel Verantwortung, m\u00fcssen schwierige Entscheidungen treffen und Herausforderungen bew\u00e4ltigen. Gleichzeitig m\u00fcssen Sie Ihre Mitarbeiterinnen und Mitarbeiter\u00a0motivieren und f\u00fchren<a title=\"Einzel-Coaching im Unternehmen\" href=\"https:\/\/kampe-coaching.de\/index.php\/angebote\/betriebliches-gesundheitsmanagement\/einzel-coaching-im-unternehmen\/\">\u00a0<\/a>aber auch neue Perspektiven f\u00fcr Ihr Unternehmen\/ ihre Einrichtung\u00a0entwickeln.\u00a0Das ist nicht immer einfach.<br \/>\nEin Coaching kann Ihnen deshalb helfen,\u00a0Klarheit und Kraft zu gewinnen sowie zielgerichtet neue Handlungsans\u00e4tze zu entwickeln.<\/p>\n<p><img decoding=\"async\" class=\"size-full wp-image-558 alignright\" src=\"https:\/\/kampe-coaching.de\/wp-content\/uploads\/kampe_coaching_haus.jpg.jpg\" alt=\"kampe_coaching_haus.jpg\" width=\"300\" srcset=\"https:\/\/kampe-coaching.de\/wp-content\/uploads\/kampe_coaching_haus.jpg.jpg 400w, https:\/\/kampe-coaching.de\/wp-content\/uploads\/kampe_coaching_haus.jpg-200x150.jpg 200w\" sizes=\"(max-width: 400px) 100vw, 400px\" \/><strong>M\u00f6gliche Themen f\u00fcr ein Einzelcoaching w\u00e4ren<\/strong><\/p>\n<ul>\n<li>Neuorientierung in der Rolle als F\u00fchrungskraft<\/li>\n<li>Kommunikationsstrukturen, Umgang mit Konflikten<\/li>\n<li>Teambildung, Umgang mit Mitarbeitern<\/li>\n<li>Entscheidungsfindung<\/li>\n<li>Gesundheit im Beruf &#8211; auch eine F\u00fchrungsaufgabe<\/li>\n<li>Karriereplanung<\/li>\n<\/ul>\n<p>&nbsp;<\/p>\n<p>Die Reflexion \u00fcber Ihre F\u00fchrungsrolle er\u00f6ffnet neue Wege und Perspektiven. Gerne unterst\u00fctze ich Sie dabei.<\/p>\n<p>(<a title=\"Einzel-Coaching im Unternehmen\" href=\"https:\/\/kampe-coaching.de\/index.php\/betriebliches-gesundheitsmanagement\/einzel-coaching-im-unternehmen\/\">Einzelcoaching f\u00fcr Mitarbeiter <\/a>\/ <a title=\"Betriebliches Gesundheitsmanagement\" href=\"https:\/\/kampe-coaching.de\/index.php\/angebote\/betriebliches-gesundheitsmanagement\/\">Betriebliches Gesundheitsmanagement<\/a>)<\/p>\n","protected":false},"excerpt":{"rendered":"<p>Als F\u00fchrungskraft tragen Sie viel Verantwortung, m\u00fcssen schwierige Entscheidungen treffen und Herausforderungen bew\u00e4ltigen. Gleichzeitig m\u00fcssen Sie Ihre Mitarbeiterinnen und Mitarbeiter\u00a0motivieren und f\u00fchren\u00a0aber auch neue Perspektiven f\u00fcr Ihr Unternehmen\/ ihre Einrichtung\u00a0entwickeln.\u00a0Das ist nicht immer einfach. Ein Coaching kann Ihnen deshalb helfen,\u00a0Klarheit und Kraft zu gewinnen sowie zielgerichtet neue Handlungsans\u00e4tze zu entwickeln. M\u00f6gliche Themen f\u00fcr ein Einzelcoaching [&hellip;]<\/p>\n","protected":false},"author":1,"featured_media":0,"parent":67,"menu_order":2,"comment_status":"closed","ping_status":"closed","template":"","meta":{"footnotes":""},"class_list":["post-70","page","type-page","status-publish","hentry"],"_links":{"self":[{"href":"https:\/\/kampe-coaching.de\/index.php\/wp-json\/wp\/v2\/pages\/70","targetHints":{"allow":["GET"]}}],"collection":[{"href":"https:\/\/kampe-coaching.de\/index.php\/wp-json\/wp\/v2\/pages"}],"about":[{"href":"https:\/\/kampe-coaching.de\/index.php\/wp-json\/wp\/v2\/types\/page"}],"author":[{"embeddable":true,"href":"https:\/\/kampe-coaching.de\/index.php\/wp-json\/wp\/v2\/users\/1"}],"replies":[{"embeddable":true,"href":"https:\/\/kampe-coaching.de\/index.php\/wp-json\/wp\/v2\/comments?post=70"}],"version-history":[{"count":26,"href":"https:\/\/kampe-coaching.de\/index.php\/wp-json\/wp\/v2\/pages\/70\/revisions"}],"predecessor-version":[{"id":1076,"href":"https:\/\/kampe-coaching.de\/index.php\/wp-json\/wp\/v2\/pages\/70\/revisions\/1076"}],"up":[{"embeddable":true,"href":"https:\/\/kampe-coaching.de\/index.php\/wp-json\/wp\/v2\/pages\/67"}],"wp:attachment":[{"href":"https:\/\/kampe-coaching.de\/index.php\/wp-json\/wp\/v2\/media?parent=70"}],"curies":[{"name":"wp","href":"https:\/\/api.w.org\/{rel}","templated":true}]}}