{"id":67,"date":"2013-07-25T15:57:18","date_gmt":"2013-07-25T13:57:18","guid":{"rendered":"https:\/\/kampe-coaching.de\/?page_id=67"},"modified":"2025-12-10T21:01:39","modified_gmt":"2025-12-10T19:01:39","slug":"systemisches-coaching","status":"publish","type":"page","link":"https:\/\/kampe-coaching.de\/index.php\/systemisches-coaching\/","title":{"rendered":"Systemisches Coaching"},"content":{"rendered":"<p>Systemisches Coaching &#8211;\u00a0 was ist das eigentlich?<br \/>\nCoaching ist ein l\u00f6sungsorientierter Beratungsprozess,\u00a0in dem Ihre beruflichen oder privaten Anliegen im Vordergrund stehen. Beim systemischen Coaching werden auch Ihr Umfeld und die sich daraus ergebenden Beziehungen ber\u00fccksichtigt.<\/p>\n<p>Ich berate Sie bei der Entwicklung von pers\u00f6nlichen Zielen und Perspektiven einschlie\u00dflich der Bew\u00e4ltigung von Ver\u00e4nderungen. Dazu gebe ich Ihnen im Coaching die M\u00f6glichkeit, Ihre Position zu kl\u00e4ren, einen anderen Blick auf ein Thema zu werfen oder einen anderen Umgang mit einem Problem zu finden.<\/p>\n<p>Ich unterst\u00fctze Sie in einem Einzelcoaching, individuell passende L\u00f6sungen zu\u00a0finden, indem ich Ihnen helfe, Ihre Kraft und Ihre Ressourcen zu aktivieren. So k\u00f6nnen Sie Ihre Chancen nicht nur erkennen, sondern auch ergreifen.<\/p>\n<p><img decoding=\"async\" class=\"size-full wp-image-154 alignright\" src=\"https:\/\/kampe-coaching.de\/wp-content\/uploads\/kampe_coaching_lotusbuete.jpg\" alt=\"kampe_coaching_lotusbuete\" width=\"300\" srcset=\"https:\/\/kampe-coaching.de\/wp-content\/uploads\/kampe_coaching_lotusbuete.jpg 400w, https:\/\/kampe-coaching.de\/wp-content\/uploads\/kampe_coaching_lotusbuete-200x150.jpg 200w\" sizes=\"(max-width: 400px) 100vw, 400px\" \/><br \/>\n<strong>Was k\u00f6nnen Sie mit einem Coaching erreichen?<\/strong><\/p>\n<ul>\n<li>Kl\u00e4rung und Neuorientierung im beruflichen oder privaten Kontext<\/li>\n<li>pers\u00f6nliche St\u00e4rken wiedererkennen und entfalten<\/li>\n<li>eine Krise als Chance nutzen, Bew\u00e4ltigungsstrategien entwickeln<\/li>\n<li>gesund leben in Zeiten von Arbeitsverdichtung und\/oder Krisen<\/li>\n<li>alte Muster durchbrechen, Entwicklung neuer Lebensstrategien<\/li>\n<li>von der Fremdbestimmtheit in eine Selbstbestimmtheit kommen<\/li>\n<\/ul>\n<p>&nbsp;<\/p>\n<p>Auch im <a title=\"Gesundheitscoaching\" href=\"https:\/\/kampe-coaching.de\/index.php\/systemisches-coaching\/gesundheitscoaching\/\">Gesundheitscoaching<\/a>, <a title=\"Teamcoaching \/ Teamentwicklung\" href=\"https:\/\/kampe-coaching.de\/index.php\/systemisches-coaching\/teamcoaching-teamentwicklung\/\">Teamcoaching<\/a> oder <a title=\"Coaching f\u00fcr F\u00fchrungskr\u00e4fte\" href=\"https:\/\/kampe-coaching.de\/index.php\/systemisches-coaching\/coaching-fur-fuhrungskrafte\/\">Coaching f\u00fcr F\u00fchrungskr\u00e4fte <\/a>begleite ich Sie gerne\u00a0bei der Entwicklung neuer Perspektiven.<\/p>\n<p>&nbsp;<\/p>\n","protected":false},"excerpt":{"rendered":"<p>Systemisches Coaching &#8211;\u00a0 was ist das eigentlich? Coaching ist ein l\u00f6sungsorientierter Beratungsprozess,\u00a0in dem Ihre beruflichen oder privaten Anliegen im Vordergrund stehen. Beim systemischen Coaching werden auch Ihr Umfeld und die sich daraus ergebenden Beziehungen ber\u00fccksichtigt. Ich berate Sie bei der Entwicklung von pers\u00f6nlichen Zielen und Perspektiven einschlie\u00dflich der Bew\u00e4ltigung von Ver\u00e4nderungen. Dazu gebe ich Ihnen [&hellip;]<\/p>\n","protected":false},"author":1,"featured_media":0,"parent":0,"menu_order":1,"comment_status":"closed","ping_status":"closed","template":"","meta":{"footnotes":""},"class_list":["post-67","page","type-page","status-publish","hentry"],"_links":{"self":[{"href":"https:\/\/kampe-coaching.de\/index.php\/wp-json\/wp\/v2\/pages\/67","targetHints":{"allow":["GET"]}}],"collection":[{"href":"https:\/\/kampe-coaching.de\/index.php\/wp-json\/wp\/v2\/pages"}],"about":[{"href":"https:\/\/kampe-coaching.de\/index.php\/wp-json\/wp\/v2\/types\/page"}],"author":[{"embeddable":true,"href":"https:\/\/kampe-coaching.de\/index.php\/wp-json\/wp\/v2\/users\/1"}],"replies":[{"embeddable":true,"href":"https:\/\/kampe-coaching.de\/index.php\/wp-json\/wp\/v2\/comments?post=67"}],"version-history":[{"count":31,"href":"https:\/\/kampe-coaching.de\/index.php\/wp-json\/wp\/v2\/pages\/67\/revisions"}],"predecessor-version":[{"id":1075,"href":"https:\/\/kampe-coaching.de\/index.php\/wp-json\/wp\/v2\/pages\/67\/revisions\/1075"}],"wp:attachment":[{"href":"https:\/\/kampe-coaching.de\/index.php\/wp-json\/wp\/v2\/media?parent=67"}],"curies":[{"name":"wp","href":"https:\/\/api.w.org\/{rel}","templated":true}]}}