{"id":57,"date":"2013-07-25T15:51:07","date_gmt":"2013-07-25T13:51:07","guid":{"rendered":"https:\/\/kampe-coaching.de\/?page_id=57"},"modified":"2025-12-10T20:59:06","modified_gmt":"2025-12-10T18:59:06","slug":"herzlich-willkommen","status":"publish","type":"page","link":"https:\/\/kampe-coaching.de\/","title":{"rendered":"Wege entstehen dadurch, dass man sie geht. (Kafka)"},"content":{"rendered":"<p><strong>Herzlich Willkommen auf meiner Website!<\/strong><\/p>\n<p>Als Diplom-Psychologin mit vielf\u00e4ltiger Beratungserfahrung m\u00f6chte ich Sie in beruflichen oder privaten Ver\u00e4nderungs-, Krisen- und Belastungssituationen unterst\u00fctzen. Seit Jahren praktiziere und unterrichte ich Qi Gong und habe mich auf diesem Weg intensiv mit Stressbew\u00e4ltigung und Gesundheitsf\u00f6rderung besch\u00e4ftigt. Ein Schwerpunkt meiner Arbeit ist die betriebliche Gesundheitsf\u00f6rderung. Zu meinen Qualifikationen geh\u00f6rt\u00a0die langj\u00e4hrige Arbeit mit Menschen mit\u00a0Autismus,\u00a0auch in diesem Bereich\u00a0biete\u00a0ich Ihnen\u00a0Beratung, Unterst\u00fctzung und Fortbildungen an.<\/p>\n<p>Meine Angebote:<br \/>\n<strong><img loading=\"lazy\" decoding=\"async\" class=\"size-full wp-image-586 alignright\" src=\"https:\/\/kampe-coaching.de\/wp-content\/uploads\/DSC_0828-400x269.jpg\" alt=\"DSC_0828 (400x269)\" width=\"300\" height=\"202\" srcset=\"https:\/\/kampe-coaching.de\/wp-content\/uploads\/DSC_0828-400x269.jpg 400w, https:\/\/kampe-coaching.de\/wp-content\/uploads\/DSC_0828-400x269-200x134.jpg 200w\" sizes=\"auto, (max-width: 300px) 100vw, 300px\" \/><\/strong><\/p>\n<ul>\n<li><a title=\"Systemisches Coaching\" href=\"https:\/\/kampe-coaching.de\/index.php\/angebote\/systemisches-coaching\/\">Coaching f\u00fcr Einzelpersonen <\/a>\/ <a title=\"Coaching f\u00fcr F\u00fchrungskr\u00e4fte\" href=\"https:\/\/kampe-coaching.de\/index.php\/systemisches-coaching\/coaching-fur-fuhrungskrafte\/\">F\u00fchrungskr\u00e4fte<\/a><\/li>\n<li><a title=\"Teamcoaching \/ Teamentwicklung\" href=\"https:\/\/kampe-coaching.de\/index.php\/systemisches-coaching\/teamcoaching-teamentwicklung\/\">Teamcoaching<\/a><\/li>\n<li><a title=\"Gesundheitscoaching\" href=\"https:\/\/kampe-coaching.de\/index.php\/systemisches-coaching\/gesundheitscoaching\/\">Gesundheitscoaching<\/a><\/li>\n<li><a title=\"Qi Gong\" href=\"https:\/\/kampe-coaching.de\/index.php\/angebote\/qi-gong\/\">Burnout Pr\u00e4vention<\/a><\/li>\n<li><a title=\"Betriebliches Gesundheitsmanagement\" href=\"https:\/\/kampe-coaching.de\/index.php\/betriebliches-gesundheitsmanagement\/\">Betriebliches Gesundheitsmanagement<\/a><\/li>\n<li><a title=\"Coaching f\u00fcr Menschen mit Asperger-Syndrom\/ Angeh\u00f6rige\" href=\"https:\/\/kampe-coaching.de\/index.php\/autismus\/einzelcoaching\/\">Coaching f\u00fcr Menschen mit Autismus<\/a>\u00a0\/ <a title=\"Fortbildungen\" href=\"https:\/\/kampe-coaching.de\/index.php\/autismus\/fortbildungen\/\">Fortbildungen<\/a><\/li>\n<\/ul>\n<p>Ich freue mich darauf, Sie in einem Erstgespr\u00e4ch kennenzulernen.<\/p>\n<p><strong>Manuela Kampe<\/strong><\/p>\n","protected":false},"excerpt":{"rendered":"<p>Herzlich Willkommen auf meiner Website! Als Diplom-Psychologin mit vielf\u00e4ltiger Beratungserfahrung m\u00f6chte ich Sie in beruflichen oder privaten Ver\u00e4nderungs-, Krisen- und Belastungssituationen unterst\u00fctzen. Seit Jahren praktiziere und unterrichte ich Qi Gong und habe mich auf diesem Weg intensiv mit Stressbew\u00e4ltigung und Gesundheitsf\u00f6rderung besch\u00e4ftigt. Ein Schwerpunkt meiner Arbeit ist die betriebliche Gesundheitsf\u00f6rderung. Zu meinen Qualifikationen geh\u00f6rt\u00a0die langj\u00e4hrige [&hellip;]<\/p>\n","protected":false},"author":1,"featured_media":0,"parent":0,"menu_order":1,"comment_status":"closed","ping_status":"closed","template":"page-templates\/full-width.php","meta":{"footnotes":""},"class_list":["post-57","page","type-page","status-publish","hentry"],"_links":{"self":[{"href":"https:\/\/kampe-coaching.de\/index.php\/wp-json\/wp\/v2\/pages\/57","targetHints":{"allow":["GET"]}}],"collection":[{"href":"https:\/\/kampe-coaching.de\/index.php\/wp-json\/wp\/v2\/pages"}],"about":[{"href":"https:\/\/kampe-coaching.de\/index.php\/wp-json\/wp\/v2\/types\/page"}],"author":[{"embeddable":true,"href":"https:\/\/kampe-coaching.de\/index.php\/wp-json\/wp\/v2\/users\/1"}],"replies":[{"embeddable":true,"href":"https:\/\/kampe-coaching.de\/index.php\/wp-json\/wp\/v2\/comments?post=57"}],"version-history":[{"count":83,"href":"https:\/\/kampe-coaching.de\/index.php\/wp-json\/wp\/v2\/pages\/57\/revisions"}],"predecessor-version":[{"id":1072,"href":"https:\/\/kampe-coaching.de\/index.php\/wp-json\/wp\/v2\/pages\/57\/revisions\/1072"}],"wp:attachment":[{"href":"https:\/\/kampe-coaching.de\/index.php\/wp-json\/wp\/v2\/media?parent=57"}],"curies":[{"name":"wp","href":"https:\/\/api.w.org\/{rel}","templated":true}]}}