{"id":175,"date":"2013-07-31T12:59:56","date_gmt":"2013-07-31T10:59:56","guid":{"rendered":"https:\/\/kampe-coaching.de\/?page_id=175"},"modified":"2017-02-14T10:25:42","modified_gmt":"2017-02-14T08:25:42","slug":"autismus","status":"publish","type":"page","link":"https:\/\/kampe-coaching.de\/index.php\/autismus\/","title":{"rendered":"Autismus"},"content":{"rendered":"<ul>\n<li><a title=\"Fortbildungen\" href=\"https:\/\/kampe-coaching.de\/index.php\/fortbildungen\/\">Fortbildungen<\/a> zu diesem Thema richten sich an alle Einrichtungen, die mit Menschen mit autistischer Behinderung zu tun haben, wie z.B. Kindertagesst\u00e4tten, Schulen,\u00a0Heime, Kliniken. Aber auch in Unternehmen, in denen Menschen mit autistischer Behinderung arbeiten, kann eine Autismus-Fortbildung sehr hilfreich sein. Mehr Hintergrundwissen \u00fcber Autismus erleichtert den Umgang mit autistischen Verhaltensweisen. Durch genauere Kenntnis f\u00f6rderlicher Arbeitsbedingungen k\u00f6nnen auch spezielle Begabungen sinnvoller genutzt werden.<\/li>\n<\/ul>\n<p>&nbsp;<\/p>\n<p><img decoding=\"async\" class=\"size-full wp-image-705 alignright\" src=\"https:\/\/kampe-coaching.de\/wp-content\/uploads\/Kampe-Coaching-V\u00f6gel-400.jpg\" alt=\"Kampe-Coaching-V\u00f6gel 400\" width=\"350\" srcset=\"https:\/\/kampe-coaching.de\/wp-content\/uploads\/Kampe-Coaching-V\u00f6gel-400.jpg 400w, https:\/\/kampe-coaching.de\/wp-content\/uploads\/Kampe-Coaching-V\u00f6gel-400-200x105.jpg 200w\" sizes=\"(max-width: 400px) 100vw, 400px\" \/><\/p>\n<ul>\n<li>\u00a0<a title=\"Einzelcoaching\" href=\"https:\/\/kampe-coaching.de\/index.php\/einzelcoaching\/\">Einzel-Coaching<\/a> zum Umgang mit autistischen Verhaltensweisen, sowohl f\u00fcr Selbstbetroffene und Angeh\u00f6rige, als auch f\u00fcr Menschen, die beruflich mit Autismus\u00a0in Kontakt kommen.<\/li>\n<\/ul>\n<p>&nbsp;<\/p>\n<p>Kooperation mit der Praxis Autismus (<a href=\"http:\/\/www.praxis-autismus.de\" target=\"_blank\">www.praxis-autismus.de<\/a>)<\/p>\n","protected":false},"excerpt":{"rendered":"<p>Fortbildungen zu diesem Thema richten sich an alle Einrichtungen, die mit Menschen mit autistischer Behinderung zu tun haben, wie z.B. Kindertagesst\u00e4tten, Schulen,\u00a0Heime, Kliniken. Aber auch in Unternehmen, in denen Menschen mit autistischer Behinderung arbeiten, kann eine Autismus-Fortbildung sehr hilfreich sein. Mehr Hintergrundwissen \u00fcber Autismus erleichtert den Umgang mit autistischen Verhaltensweisen. Durch genauere Kenntnis f\u00f6rderlicher Arbeitsbedingungen [&hellip;]<\/p>\n","protected":false},"author":2,"featured_media":0,"parent":0,"menu_order":5,"comment_status":"closed","ping_status":"closed","template":"","meta":{"footnotes":""},"class_list":["post-175","page","type-page","status-publish","hentry"],"_links":{"self":[{"href":"https:\/\/kampe-coaching.de\/index.php\/wp-json\/wp\/v2\/pages\/175","targetHints":{"allow":["GET"]}}],"collection":[{"href":"https:\/\/kampe-coaching.de\/index.php\/wp-json\/wp\/v2\/pages"}],"about":[{"href":"https:\/\/kampe-coaching.de\/index.php\/wp-json\/wp\/v2\/types\/page"}],"author":[{"embeddable":true,"href":"https:\/\/kampe-coaching.de\/index.php\/wp-json\/wp\/v2\/users\/2"}],"replies":[{"embeddable":true,"href":"https:\/\/kampe-coaching.de\/index.php\/wp-json\/wp\/v2\/comments?post=175"}],"version-history":[{"count":47,"href":"https:\/\/kampe-coaching.de\/index.php\/wp-json\/wp\/v2\/pages\/175\/revisions"}],"predecessor-version":[{"id":973,"href":"https:\/\/kampe-coaching.de\/index.php\/wp-json\/wp\/v2\/pages\/175\/revisions\/973"}],"wp:attachment":[{"href":"https:\/\/kampe-coaching.de\/index.php\/wp-json\/wp\/v2\/media?parent=175"}],"curies":[{"name":"wp","href":"https:\/\/api.w.org\/{rel}","templated":true}]}}