{"id":165,"date":"2013-07-31T12:54:46","date_gmt":"2013-07-31T10:54:46","guid":{"rendered":"https:\/\/kampe-coaching.de\/?page_id=165"},"modified":"2013-09-27T13:05:13","modified_gmt":"2013-09-27T11:05:13","slug":"einzel-coaching-im-unternehmen","status":"publish","type":"page","link":"https:\/\/kampe-coaching.de\/index.php\/betriebliches-gesundheitsmanagement\/einzel-coaching-im-unternehmen\/","title":{"rendered":"Einzel-Coaching im Unternehmen \/ in Einrichtungen"},"content":{"rendered":"<p>Neben Fortbildungsveranstaltungen f\u00fcr Mitarbeitergruppen (<a title=\"Gesundheitstage\/ Workshops\" href=\"https:\/\/kampe-coaching.de\/index.php\/angebote\/betriebliches-gesundheitsmanagement\/gesundheitstage-workshops\/\">Gesundheitstage<\/a>) biete ich\u00a0Einzel-Coachings an, die ganz auf die individuellen Bed\u00fcrfnisse der Mitarbeiterinnen und Mitarbeiter abgestimmt sind.<\/p>\n<p>Auch wenn einzelne Mitarbeiterinnen und Mitarbeiter nicht mehr so belastbar scheinen wie fr\u00fcher, k\u00f6nnen Sie sie durch das Angebot eines Einzelcoachings unterst\u00fctzen. Die Inhalte des Coachings sind selbstverst\u00e4ndlich vertraulich.<\/p>\n<p><img decoding=\"async\" class=\"size-medium wp-image-713 alignright\" alt=\"Kampe-coaching-Stifte\" src=\"https:\/\/kampe-coaching.de\/wp-content\/uploads\/Kampe-coaching-Stifte-400x202.jpg\" width=\"300\" srcset=\"https:\/\/kampe-coaching.de\/wp-content\/uploads\/Kampe-coaching-Stifte-400x202.jpg 400w, https:\/\/kampe-coaching.de\/wp-content\/uploads\/Kampe-coaching-Stifte-200x101.jpg 200w, https:\/\/kampe-coaching.de\/wp-content\/uploads\/Kampe-coaching-Stifte.jpg 620w\" sizes=\"(max-width: 400px) 100vw, 400px\" \/>M\u00f6gliche Themen f\u00fcr ein Einzel-Coaching sind:<\/p>\n<ul>\n<li>Entlastung und Unterst\u00fctzung in Arbeitsprozessen (z.B. bei Umstrukturierungsma\u00dfnahmen)<\/li>\n<li>Zeitmanagement, Sensibilisierung\u00a0f\u00fcr das eigene Stressverhalten<\/li>\n<li>Konflikte\u00a0im Team, Mobbing<\/li>\n<li>Suchtproblematik<\/li>\n<li>Umgang mit pers\u00f6nlichen Krisen<\/li>\n<li>Burnout- Prophylaxe<\/li>\n<\/ul>\n","protected":false},"excerpt":{"rendered":"<p>Neben Fortbildungsveranstaltungen f\u00fcr Mitarbeitergruppen (Gesundheitstage) biete ich\u00a0Einzel-Coachings an, die ganz auf die individuellen Bed\u00fcrfnisse der Mitarbeiterinnen und Mitarbeiter abgestimmt sind. Auch wenn einzelne Mitarbeiterinnen und Mitarbeiter nicht mehr so belastbar scheinen wie fr\u00fcher, k\u00f6nnen Sie sie durch das Angebot eines Einzelcoachings unterst\u00fctzen. Die Inhalte des Coachings sind selbstverst\u00e4ndlich vertraulich. M\u00f6gliche Themen f\u00fcr ein Einzel-Coaching sind: [&hellip;]<\/p>\n","protected":false},"author":2,"featured_media":0,"parent":148,"menu_order":2,"comment_status":"closed","ping_status":"closed","template":"","meta":{"footnotes":""},"class_list":["post-165","page","type-page","status-publish","hentry"],"_links":{"self":[{"href":"https:\/\/kampe-coaching.de\/index.php\/wp-json\/wp\/v2\/pages\/165","targetHints":{"allow":["GET"]}}],"collection":[{"href":"https:\/\/kampe-coaching.de\/index.php\/wp-json\/wp\/v2\/pages"}],"about":[{"href":"https:\/\/kampe-coaching.de\/index.php\/wp-json\/wp\/v2\/types\/page"}],"author":[{"embeddable":true,"href":"https:\/\/kampe-coaching.de\/index.php\/wp-json\/wp\/v2\/users\/2"}],"replies":[{"embeddable":true,"href":"https:\/\/kampe-coaching.de\/index.php\/wp-json\/wp\/v2\/comments?post=165"}],"version-history":[{"count":20,"href":"https:\/\/kampe-coaching.de\/index.php\/wp-json\/wp\/v2\/pages\/165\/revisions"}],"predecessor-version":[{"id":807,"href":"https:\/\/kampe-coaching.de\/index.php\/wp-json\/wp\/v2\/pages\/165\/revisions\/807"}],"up":[{"embeddable":true,"href":"https:\/\/kampe-coaching.de\/index.php\/wp-json\/wp\/v2\/pages\/148"}],"wp:attachment":[{"href":"https:\/\/kampe-coaching.de\/index.php\/wp-json\/wp\/v2\/media?parent=165"}],"curies":[{"name":"wp","href":"https:\/\/api.w.org\/{rel}","templated":true}]}}