{"id":107,"date":"2013-07-30T14:07:57","date_gmt":"2013-07-30T12:07:57","guid":{"rendered":"https:\/\/kampe-coaching.de\/?page_id=107"},"modified":"2025-12-10T21:07:17","modified_gmt":"2025-12-10T19:07:17","slug":"kontakt","status":"publish","type":"page","link":"https:\/\/kampe-coaching.de\/index.php\/kontakt\/","title":{"rendered":"Kontakt \/ Impressum"},"content":{"rendered":"<div style=\"float: right;\"><iframe loading=\"lazy\" src=\"https:\/\/maps.google.de\/maps?f=q&amp;source=s_q&amp;hl=de&amp;geocode=&amp;q=Pfinztalstr.+76+76227+Karlsruhe&amp;aq=&amp;sll=48.9993552,8.4676158&amp;sspn=6.030505,7.503662&amp;ie=UTF8&amp;hq=&amp;hnear=Pfinztalstra%C3%9Fe+90,+Durlach+76227+Karlsruhe&amp;t=m&amp;ll=48.9993552,8.4676158&amp;spn=0.019706,0.042915&amp;z=14&amp;iwloc=A&amp;output=embed\" width=\"500\" height=\"350\" frameborder=\"0\" marginwidth=\"0\" marginheight=\"0\" scrolling=\"no\"><\/iframe><br \/>\n<small><a href=\"https:\/\/maps.google.de\/maps?f=q&amp;source=embed&amp;hl=de&amp;geocode=&amp;q=Pfinztalstr.+76+76227+Karlsruhe&amp;aq=&amp;sll=48.661847,9.003665&amp;sspn=6.030505,7.503662&amp;ie=UTF8&amp;hq=&amp;hnear=Pfinztalstra%C3%9Fe+76,+Durlach+76227+Karlsruhe&amp;t=m&amp;ll=48.9993552,8.4676158&amp;spn=0.019706,0.042915&amp;z=14&amp;iwloc=A\" target=\"_blanc\">Zur gr\u00f6\u00dferen Kartenansicht bei Google Maps<\/a><\/small><\/div>\n<p><strong>Manuela Kampe<\/strong><br \/>\n<small>Diplom Psychologin,<\/small><\/p>\n<p><small>MBSR Lehrerin,<br \/>\nQi Gong Lehrerin<\/small><\/p>\n<p>&nbsp;<\/p>\n<p><strong>Adress\u00e4nderung<\/strong>:<\/p>\n<p>Pfinztalstr. <strong>76<\/strong><br \/>\n76227 Karlsruhe<\/p>\n<p>0721 -15642568<br \/>\n0176 -31703309<\/p>\n<p><a href=\"mailto:kontakt@kampe-coaching.de\">kontakt@kampe-coaching.de<\/a><\/p>\n<p>&nbsp;<\/p>\n<p>&nbsp;<\/p>\n<p>&nbsp;<\/p>\n<p>&nbsp;<\/p>\n<p><small>\u00a9 Eigene Bilder und Texte sind urheberrechtlich gesch\u00fctzt. Bilder teilweise von MorgueFile.<br \/>\nBuchzitat: Claus Fischer, Micheline Schwarze 2008, Qi Gong in der Psychotherapie und Selbstmanagement<br \/>\nTechnische Umsetzung: <a href=\"https:\/\/bitix.de\/\" target=\"_blank\" rel=\"noopener\">EVA bitix<\/a><\/small><\/p>\n","protected":false},"excerpt":{"rendered":"<p>Zur gr\u00f6\u00dferen Kartenansicht bei Google Maps Manuela Kampe Diplom Psychologin, MBSR Lehrerin, Qi Gong Lehrerin &nbsp; Adress\u00e4nderung: Pfinztalstr. 76 76227 Karlsruhe 0721 -15642568 0176 -31703309 kontakt@kampe-coaching.de &nbsp; &nbsp; &nbsp; &nbsp; \u00a9 Eigene Bilder und Texte sind urheberrechtlich gesch\u00fctzt. Bilder teilweise von MorgueFile. Buchzitat: Claus Fischer, Micheline Schwarze 2008, Qi Gong in der Psychotherapie und Selbstmanagement [&hellip;]<\/p>\n","protected":false},"author":1,"featured_media":0,"parent":0,"menu_order":5,"comment_status":"closed","ping_status":"closed","template":"","meta":{"footnotes":""},"class_list":["post-107","page","type-page","status-publish","hentry"],"_links":{"self":[{"href":"https:\/\/kampe-coaching.de\/index.php\/wp-json\/wp\/v2\/pages\/107","targetHints":{"allow":["GET"]}}],"collection":[{"href":"https:\/\/kampe-coaching.de\/index.php\/wp-json\/wp\/v2\/pages"}],"about":[{"href":"https:\/\/kampe-coaching.de\/index.php\/wp-json\/wp\/v2\/types\/page"}],"author":[{"embeddable":true,"href":"https:\/\/kampe-coaching.de\/index.php\/wp-json\/wp\/v2\/users\/1"}],"replies":[{"embeddable":true,"href":"https:\/\/kampe-coaching.de\/index.php\/wp-json\/wp\/v2\/comments?post=107"}],"version-history":[{"count":49,"href":"https:\/\/kampe-coaching.de\/index.php\/wp-json\/wp\/v2\/pages\/107\/revisions"}],"predecessor-version":[{"id":1079,"href":"https:\/\/kampe-coaching.de\/index.php\/wp-json\/wp\/v2\/pages\/107\/revisions\/1079"}],"wp:attachment":[{"href":"https:\/\/kampe-coaching.de\/index.php\/wp-json\/wp\/v2\/media?parent=107"}],"curies":[{"name":"wp","href":"https:\/\/api.w.org\/{rel}","templated":true}]}}